{"id":2405,"date":"2022-10-25T10:55:29","date_gmt":"2022-10-25T10:55:29","guid":{"rendered":"https:\/\/www.troisrivieresrhum.com\/cuvee-speciale\/"},"modified":"2024-07-29T12:46:49","modified_gmt":"2024-07-29T12:46:49","slug":"cuvee-speciale","status":"publish","type":"page","link":"https:\/\/www.troisrivieresrhum.com\/fr-fr\/nos-rhums\/rhums-blancs-50\/cuvee-speciale\/","title":{"rendered":"Rhum Cuv\u00e9e Sp\u00e9ciale"},"content":{"rendered":"","protected":false},"excerpt":{"rendered":"","protected":false},"author":10001,"featured_media":1393,"parent":2410,"menu_order":0,"comment_status":"closed","ping_status":"closed","template":"templates\/tpl-blocks.php","meta":{"_acf_changed":false,"footnotes":""},"rum-type":[],"flavor":[],"occasion":[],"difficulty":[],"class_list":["post-2405","page","type-page","status-publish","has-post-thumbnail","hentry"],"acf":[],"yoast_head":"<!-- This site is optimized with the Yoast SEO plugin v26.9 - https:\/\/yoast.com\/product\/yoast-seo-wordpress\/ -->\n<title>Cuv\u00e9e sp\u00e9ciale : rhum blanc pour Mojito &amp; Long Drink<\/title>\n<meta name=\"description\" content=\"D\u00e9couvrez le rhum Cuv\u00e9e sp\u00e9ciale de Trois Rivi\u00e8res. Un assemblage de 3 rhums blancs, id\u00e9al pour les cocktails comme le Mojito ou des Long Drink\" \/>\n<meta name=\"robots\" content=\"index, follow, max-snippet:-1, max-image-preview:large, max-video-preview:-1\" \/>\n<meta property=\"og:locale\" content=\"fr_FR\" \/>\n<meta property=\"og:type\" content=\"article\" \/>\n<meta property=\"og:title\" content=\"Cuv\u00e9e sp\u00e9ciale : rhum blanc pour Mojito &amp; Long Drink\" \/>\n<meta property=\"og:description\" content=\"D\u00e9couvrez le rhum Cuv\u00e9e sp\u00e9ciale de Trois Rivi\u00e8res. Un assemblage de 3 rhums blancs, id\u00e9al pour les cocktails comme le Mojito ou des Long Drink\" \/>\n<meta property=\"og:url\" content=\"https:\/\/www.troisrivieresrhum.com\/fr-fr\/nos-rhums\/rhums-blancs-50\/cuvee-speciale\/\" \/>\n<meta property=\"og:site_name\" content=\"Trois Rivieres\" \/>\n<meta property=\"article:modified_time\" content=\"2024-07-29T12:46:49+00:00\" \/>\n<meta property=\"og:image\" content=\"https:\/\/www.troisrivieresrhum.com\/app\/uploads\/2022\/10\/PRODUCTPAGE-bouteilleslider-cuveespeciale.jpg\" \/>\n\t<meta property=\"og:image:width\" content=\"738\" \/>\n\t<meta property=\"og:image:height\" content=\"677\" \/>\n\t<meta property=\"og:image:type\" content=\"image\/jpeg\" \/>\n<meta name=\"twitter:card\" content=\"summary_large_image\" \/>\n<!-- \/ Yoast SEO plugin. -->","yoast_head_json":{"title":"Cuv\u00e9e sp\u00e9ciale : rhum blanc pour Mojito & Long Drink","description":"D\u00e9couvrez le rhum Cuv\u00e9e sp\u00e9ciale de Trois Rivi\u00e8res. Un assemblage de 3 rhums blancs, id\u00e9al pour les cocktails comme le Mojito ou des Long Drink","robots":{"index":"index","follow":"follow","max-snippet":"max-snippet:-1","max-image-preview":"max-image-preview:large","max-video-preview":"max-video-preview:-1"},"og_locale":"fr_FR","og_type":"article","og_title":"Cuv\u00e9e sp\u00e9ciale : rhum blanc pour Mojito & Long Drink","og_description":"D\u00e9couvrez le rhum Cuv\u00e9e sp\u00e9ciale de Trois Rivi\u00e8res. Un assemblage de 3 rhums blancs, id\u00e9al pour les cocktails comme le Mojito ou des Long Drink","og_url":"https:\/\/www.troisrivieresrhum.com\/fr-fr\/nos-rhums\/rhums-blancs-50\/cuvee-speciale\/","og_site_name":"Trois Rivieres","article_modified_time":"2024-07-29T12:46:49+00:00","og_image":[{"width":738,"height":677,"url":"https:\/\/www.troisrivieresrhum.com\/app\/uploads\/2022\/10\/PRODUCTPAGE-bouteilleslider-cuveespeciale.jpg","type":"image\/jpeg"}],"twitter_card":"summary_large_image","schema":{"@context":"https:\/\/schema.org","@graph":[{"@type":"WebPage","@id":"https:\/\/www.troisrivieresrhum.com\/fr-fr\/nos-rhums\/rhums-blancs-50\/cuvee-speciale\/","url":"https:\/\/www.troisrivieresrhum.com\/fr-fr\/nos-rhums\/rhums-blancs-50\/cuvee-speciale\/","name":"Cuv\u00e9e sp\u00e9ciale : rhum blanc pour Mojito & Long Drink","isPartOf":{"@id":"https:\/\/www.troisrivieresrhum.com\/fr-fr\/#website"},"primaryImageOfPage":{"@id":"https:\/\/www.troisrivieresrhum.com\/fr-fr\/nos-rhums\/rhums-blancs-50\/cuvee-speciale\/#primaryimage"},"image":{"@id":"https:\/\/www.troisrivieresrhum.com\/fr-fr\/nos-rhums\/rhums-blancs-50\/cuvee-speciale\/#primaryimage"},"thumbnailUrl":"https:\/\/www.troisrivieresrhum.com\/app\/uploads\/2022\/10\/PRODUCTPAGE-bouteilleslider-cuveespeciale.jpg","datePublished":"2022-10-25T10:55:29+00:00","dateModified":"2024-07-29T12:46:49+00:00","description":"D\u00e9couvrez le rhum Cuv\u00e9e sp\u00e9ciale de Trois Rivi\u00e8res. Un assemblage de 3 rhums blancs, id\u00e9al pour les cocktails comme le Mojito ou des Long Drink","breadcrumb":{"@id":"https:\/\/www.troisrivieresrhum.com\/fr-fr\/nos-rhums\/rhums-blancs-50\/cuvee-speciale\/#breadcrumb"},"inLanguage":"fr-FR-new","potentialAction":[{"@type":"ReadAction","target":["https:\/\/www.troisrivieresrhum.com\/fr-fr\/nos-rhums\/rhums-blancs-50\/cuvee-speciale\/"]}]},{"@type":"ImageObject","inLanguage":"fr-FR-new","@id":"https:\/\/www.troisrivieresrhum.com\/fr-fr\/nos-rhums\/rhums-blancs-50\/cuvee-speciale\/#primaryimage","url":"https:\/\/www.troisrivieresrhum.com\/app\/uploads\/2022\/10\/PRODUCTPAGE-bouteilleslider-cuveespeciale.jpg","contentUrl":"https:\/\/www.troisrivieresrhum.com\/app\/uploads\/2022\/10\/PRODUCTPAGE-bouteilleslider-cuveespeciale.jpg","width":738,"height":677},{"@type":"BreadcrumbList","@id":"https:\/\/www.troisrivieresrhum.com\/fr-fr\/nos-rhums\/rhums-blancs-50\/cuvee-speciale\/#breadcrumb","itemListElement":[{"@type":"ListItem","position":1,"name":"Home","item":"https:\/\/www.troisrivieresrhum.com\/fr-fr\/"},{"@type":"ListItem","position":2,"name":"Nos Rhums","item":"https:\/\/www.troisrivieresrhum.com\/fr-fr\/nos-rhums\/"},{"@type":"ListItem","position":3,"name":"Rhum Blanc 50\u00b0","item":"https:\/\/www.troisrivieresrhum.com\/fr-fr\/nos-rhums\/rhums-blancs-50\/"},{"@type":"ListItem","position":4,"name":"Rhum Cuv\u00e9e Sp\u00e9ciale"}]},{"@type":"WebSite","@id":"https:\/\/www.troisrivieresrhum.com\/fr-fr\/#website","url":"https:\/\/www.troisrivieresrhum.com\/fr-fr\/","name":"Trois Rivieres","description":"Just another Www.troisrivieresrhum.com site","potentialAction":[{"@type":"SearchAction","target":{"@type":"EntryPoint","urlTemplate":"https:\/\/www.troisrivieresrhum.com\/fr-fr\/?s={search_term_string}"},"query-input":{"@type":"PropertyValueSpecification","valueRequired":true,"valueName":"search_term_string"}}],"inLanguage":"fr-FR-new"}]}},"_links":{"self":[{"href":"https:\/\/www.troisrivieresrhum.com\/fr-fr\/wp-json\/wp\/v2\/pages\/2405","targetHints":{"allow":["GET"]}}],"collection":[{"href":"https:\/\/www.troisrivieresrhum.com\/fr-fr\/wp-json\/wp\/v2\/pages"}],"about":[{"href":"https:\/\/www.troisrivieresrhum.com\/fr-fr\/wp-json\/wp\/v2\/types\/page"}],"author":[{"embeddable":true,"href":"https:\/\/www.troisrivieresrhum.com\/fr-fr\/wp-json\/wp\/v2\/users\/10001"}],"replies":[{"embeddable":true,"href":"https:\/\/www.troisrivieresrhum.com\/fr-fr\/wp-json\/wp\/v2\/comments?post=2405"}],"version-history":[{"count":15,"href":"https:\/\/www.troisrivieresrhum.com\/fr-fr\/wp-json\/wp\/v2\/pages\/2405\/revisions"}],"predecessor-version":[{"id":3918,"href":"https:\/\/www.troisrivieresrhum.com\/fr-fr\/wp-json\/wp\/v2\/pages\/2405\/revisions\/3918"}],"up":[{"embeddable":true,"href":"https:\/\/www.troisrivieresrhum.com\/fr-fr\/wp-json\/wp\/v2\/pages\/2410"}],"wp:featuredmedia":[{"embeddable":true,"href":"https:\/\/www.troisrivieresrhum.com\/fr-fr\/wp-json\/wp\/v2\/media\/1393"}],"wp:attachment":[{"href":"https:\/\/www.troisrivieresrhum.com\/fr-fr\/wp-json\/wp\/v2\/media?parent=2405"}],"wp:term":[{"taxonomy":"rum-type","embeddable":true,"href":"https:\/\/www.troisrivieresrhum.com\/fr-fr\/wp-json\/wp\/v2\/rum-type?post=2405"},{"taxonomy":"flavor","embeddable":true,"href":"https:\/\/www.troisrivieresrhum.com\/fr-fr\/wp-json\/wp\/v2\/flavor?post=2405"},{"taxonomy":"occasion","embeddable":true,"href":"https:\/\/www.troisrivieresrhum.com\/fr-fr\/wp-json\/wp\/v2\/occasion?post=2405"},{"taxonomy":"difficulty","embeddable":true,"href":"https:\/\/www.troisrivieresrhum.com\/fr-fr\/wp-json\/wp\/v2\/difficulty?post=2405"}],"curies":[{"name":"wp","href":"https:\/\/api.w.org\/{rel}","templated":true}]}}